{"id":452,"date":"2017-09-13T05:50:49","date_gmt":"2017-09-13T08:50:49","guid":{"rendered":"http:\/\/wedesignthemes.com\/themes\/fashion-boutique\/?page_id=452"},"modified":"2021-07-22T21:59:11","modified_gmt":"2021-07-23T00:59:11","slug":"jorvente","status":"publish","type":"page","link":"https:\/\/www.jorvente.cl\/?page_id=452","title":{"rendered":"JORVENTE"},"content":{"rendered":"<p>[vc_row full_width=&#8221;stretch_row&#8221; bg_type=&#8221;image&#8221; parallax_style=&#8221;vcpb-vz-jquery&#8221; bg_image_new=&#8221;id^13541|url^http:\/\/164.90.144.202\/wp-content\/uploads\/2021\/07\/atacama-desert-in-chile.jpg|caption^null|alt^null|title^atacama-desert-in-chile|description^null&#8221; enable_overlay=&#8221;enable_overlay_value&#8221; overlay_color=&#8221;rgba(0,0,0,0.7)&#8221; css=&#8221;.vc_custom_1626845071382{margin-top: -70px !important;padding-top: 17% !important;padding-bottom: 65% !important;}&#8221;][vc_column][vc_row_inner el_class=&#8221;dt-sc-dark-bg&#8221;][vc_column_inner el_class=&#8221;about-content-block&#8221; width=&#8221;5\/6&#8243;][vc_single_image image=&#8221;12815&#8243; img_size=&#8221;full&#8221;][vc_custom_heading text=&#8221;M\u00c1S DE 19 A\u00d1OS DE EXPERIENCIA<br \/>\nCONFECCI\u00d3N TEXTIL PROFESIONAL&#8221; font_container=&#8221;tag:h2|font_size:50|text_align:left&#8221; use_theme_fonts=&#8221;yes&#8221; el_class=&#8221;dt-sc-skin-highlight-txt vcr_heading-right&#8221;][vc_column_text]Nos preocupamos de buscar las mejores tecnolog\u00edas, telas y cumplir con los plazos exigidos por el cliente.[\/vc_column_text][\/vc_column_inner][vc_column_inner width=&#8221;1\/6&#8243;][\/vc_column_inner][\/vc_row_inner][\/vc_column][\/vc_row][vc_row][vc_column]<div class=\"ult-spacer spacer-69d0bb472673a\" data-id=\"69d0bb472673a\" data-height=\"85\" data-height-mobile=\"85\" data-height-tab=\"85\" data-height-tab-portrait=\"\" data-height-mobile-landscape=\"\" style=\"clear:both;display:block;\"><\/div>[\/vc_column][\/vc_row][vc_row css=&#8221;.vc_custom_1508925456020{padding-bottom: 20% !important;}&#8221;][vc_column width=&#8221;1\/2&#8243;][vc_custom_heading text=&#8221;COMERCIAL JORVENTE&#8221; font_container=&#8221;tag:h4|text_align:left&#8221; use_theme_fonts=&#8221;yes&#8221; el_class=&#8221;dt-sc-skin-highlight-txt vcr_heading-right&#8221; css=&#8221;.vc_custom_1626845426846{margin-bottom: 5px !important;}&#8221;][vc_custom_heading text=&#8221;SOMOS EXPERTOS EN CONFECCI\u00d3N&#8221; font_container=&#8221;tag:h3|font_size:38|text_align:left&#8221; use_theme_fonts=&#8221;yes&#8221; el_class=&#8221;bold vcr_heading-right&#8221;][vc_column_text]<\/p>\n<div class=\"kvgmc6g5 cxmmr5t8 oygrvhab hcukyx3x c1et5uql\">\n<div dir=\"auto\">Empresa chilena dedicada a la confecci\u00f3n e importaci\u00f3n de vestuario, art\u00edculos y<br \/>\nequipamiento militar para los integrantes de las Fuerzas Armadas como<br \/>\nCarabineros, Fuerza A\u00e9rea de Chile. Armada, Investigaciones y organismos<br \/>\nP\u00fablicos de Chile.<\/div>\n<\/div>\n<p>[\/vc_column_text][vc_column_text]<\/p>\n<div class=\"kvgmc6g5 cxmmr5t8 oygrvhab hcukyx3x c1et5uql\">Con m\u00e1s de 19 a\u00f1os de experiencia contamos con la representaci\u00f3n de importantes marcas internacionales, como tambi\u00e9n en la<br \/>\nfabricaci\u00f3n de productos nacionales con nuestra marca propia gracias a las<br \/>\nestrechas relaciones comerciales que tenemos con empresas en China, Pakist\u00e1n,<br \/>\nInglaterra y Estados Unidos.<\/div>\n<p>[\/vc_column_text][vc_column_text]<\/p>\n<div class=\"kvgmc6g5 cxmmr5t8 oygrvhab hcukyx3x c1et5uql\">Con nuestra amplia experiencia y trayectoria en el mercado de vestuario, t\u00e1ctico e<br \/>\ninstitucional militar, hemos logrado satisfacer las necesidades de nuestros<br \/>\nprincipales clientes en cuanto a calidad y precios competitivos.<\/div>\n<p>[\/vc_column_text][vc_column_text]<\/p>\n<div class=\"kvgmc6g5 cxmmr5t8 oygrvhab hcukyx3x c1et5uql\">Nuestra empresa y marca se encuentra actualmente registrada en los Estados<br \/>\nUnidos a trav\u00e9s de JORVENTE GENERAL SUPPLY LLC. ubicada en la ciudad de<br \/>\nBethesda, estado de Maryland, Usa.<\/div>\n<div class=\"o9v6fnle cxmmr5t8 oygrvhab hcukyx3x c1et5uql\">\n<div dir=\"auto\"><\/div>\n<\/div>\n<p>[\/vc_column_text][\/vc_column][vc_column width=&#8221;1\/2&#8243;]<img width=\"586\" height=\"849\" src=\"https:\/\/www.jorvente.cl\/wp-content\/uploads\/2021\/07\/TENIDA-ZONA-NORTE.jpg\" class=\"alignnone post-overlap-sec attachment-full\" alt=\"\" loading=\"lazy\" srcset=\"https:\/\/www.jorvente.cl\/wp-content\/uploads\/2021\/07\/TENIDA-ZONA-NORTE.jpg 586w, https:\/\/www.jorvente.cl\/wp-content\/uploads\/2021\/07\/TENIDA-ZONA-NORTE-207x300.jpg 207w\" sizes=\"(max-width: 586px) 100vw, 586px\" \/>[vc_row_inner addstyles=&#8221;z-index: 9;&#8221;][vc_column_inner el_class=&#8221;about-content-align&#8221;][vc_custom_heading text=&#8221;MIMETISMO DES\u00c9RTICO&#8221; font_container=&#8221;tag:h4|text_align:left&#8221; use_theme_fonts=&#8221;yes&#8221; css=&#8221;.vc_custom_1626845292390{margin-bottom: 8px !important;}&#8221;][vc_custom_heading text=&#8221;Las mejores tecnolog\u00edas<br \/>\nde confecci\u00f3n cumpliendo<br \/>\nnormas y certificaciones&#8221; font_container=&#8221;tag:h3|font_size:34|text_align:left|line_height:30px&#8221; use_theme_fonts=&#8221;yes&#8221; el_class=&#8221;bold&#8221;]<a href='https:\/\/www.jorvente.cl\/?product_cat=tenida' target='_self' title='' class='dt-sc-button   medium     transparent' > VER TENIDAS <\/a>[\/vc_column_inner][\/vc_row_inner][\/vc_column][\/vc_row]<\/p>\n","protected":false},"excerpt":{"rendered":"<p>[vc_row full_width=&#8221;stretch_row&#8221; bg_type=&#8221;image&#8221; parallax_style=&#8221;vcpb-vz-jquery&#8221; bg_image_new=&#8221;id^13541|url^http:\/\/164.90.144.202\/wp-content\/uploads\/2021\/07\/atacama-desert-in-chile.jpg|caption^null|alt^null|title^atacama-desert-in-chile|description^null&#8221; enable_overlay=&#8221;enable_overlay_value&#8221; overlay_color=&#8221;rgba(0,0,0,0.7)&#8221; css=&#8221;.vc_custom_1626845071382{margin-top: -70px !important;padding-top: 17% !important;padding-bottom: 65% !important;}&#8221;][vc_column][vc_row_inner el_class=&#8221;dt-sc-dark-bg&#8221;][vc_column_inner el_class=&#8221;about-content-block&#8221; width=&#8221;5\/6&#8243;][vc_single_image image=&#8221;12815&#8243; img_size=&#8221;full&#8221;][vc_custom_heading text=&#8221;M\u00c1S DE 19 A\u00d1OS DE EXPERIENCIA CONFECCI\u00d3N TEXTIL PROFESIONAL&#8221; font_container=&#8221;tag:h2|font_size:50|text_align:left&#8221; use_theme_fonts=&#8221;yes&#8221; el_class=&#8221;dt-sc-skin-highlight-txt vcr_heading-right&#8221;][vc_column_text]Nos preocupamos de buscar las mejores tecnolog\u00edas, telas y cumplir con los plazos exigidos por el cliente.[\/vc_column_text][\/vc_column_inner][vc_column_inner width=&#8221;1\/6&#8243;][\/vc_column_inner][\/vc_row_inner][\/vc_column][\/vc_row][vc_row][vc_column][\/vc_column][\/vc_row][vc_row css=&#8221;.vc_custom_1508925456020{padding-bottom: 20% !important;}&#8221;][vc_column width=&#8221;1\/2&#8243;][vc_custom_heading text=&#8221;COMERCIAL JORVENTE&#8221; [&hellip;]<\/p>\n","protected":false},"author":1,"featured_media":0,"parent":0,"menu_order":0,"comment_status":"closed","ping_status":"closed","template":"","meta":[],"yoast_head":"<!-- This site is optimized with the Yoast SEO plugin v16.7 - https:\/\/yoast.com\/wordpress\/plugins\/seo\/ -->\n<title>JORVENTE | Jorvente | Mercado Textil<\/title>\n<meta name=\"robots\" content=\"index, follow, max-snippet:-1, max-image-preview:large, max-video-preview:-1\" \/>\n<link rel=\"canonical\" href=\"https:\/\/www.jorvente.cl\/?page_id=452\" \/>\n<meta property=\"og:locale\" content=\"es_ES\" \/>\n<meta property=\"og:type\" content=\"article\" \/>\n<meta property=\"og:title\" content=\"JORVENTE | Jorvente | Mercado Textil\" \/>\n<meta property=\"og:description\" content=\"[vc_row full_width=&#8221;stretch_row&#8221; bg_type=&#8221;image&#8221; parallax_style=&#8221;vcpb-vz-jquery&#8221; bg_image_new=&#8221;id^13541|url^http:\/\/164.90.144.202\/wp-content\/uploads\/2021\/07\/atacama-desert-in-chile.jpg|caption^null|alt^null|title^atacama-desert-in-chile|description^null&#8221; enable_overlay=&#8221;enable_overlay_value&#8221; overlay_color=&#8221;rgba(0,0,0,0.7)&#8221; css=&#8221;.vc_custom_1626845071382{margin-top: -70px !important;padding-top: 17% !important;padding-bottom: 65% !important;}&#8221;][vc_column][vc_row_inner el_class=&#8221;dt-sc-dark-bg&#8221;][vc_column_inner el_class=&#8221;about-content-block&#8221; width=&#8221;5\/6&#8243;][vc_single_image image=&#8221;12815&#8243; img_size=&#8221;full&#8221;][vc_custom_heading text=&#8221;M\u00c1S DE 19 A\u00d1OS DE EXPERIENCIA CONFECCI\u00d3N TEXTIL PROFESIONAL&#8221; font_container=&#8221;tag:h2|font_size:50|text_align:left&#8221; use_theme_fonts=&#8221;yes&#8221; el_class=&#8221;dt-sc-skin-highlight-txt vcr_heading-right&#8221;][vc_column_text]Nos preocupamos de buscar las mejores tecnolog\u00edas, telas y cumplir con los plazos exigidos por el cliente.[\/vc_column_text][\/vc_column_inner][vc_column_inner width=&#8221;1\/6&#8243;][\/vc_column_inner][\/vc_row_inner][\/vc_column][\/vc_row][vc_row][vc_column][\/vc_column][\/vc_row][vc_row css=&#8221;.vc_custom_1508925456020{padding-bottom: 20% !important;}&#8221;][vc_column width=&#8221;1\/2&#8243;][vc_custom_heading text=&#8221;COMERCIAL JORVENTE&#8221; [&hellip;]\" \/>\n<meta property=\"og:url\" content=\"https:\/\/www.jorvente.cl\/?page_id=452\" \/>\n<meta property=\"og:site_name\" content=\"Jorvente | Mercado Textil\" \/>\n<meta property=\"article:publisher\" content=\"https:\/\/www.facebook.com\/jorvente\" \/>\n<meta property=\"article:modified_time\" content=\"2021-07-23T00:59:11+00:00\" \/>\n<meta name=\"twitter:card\" content=\"summary_large_image\" \/>\n<meta name=\"twitter:label1\" content=\"Est. reading time\" \/>\n\t<meta name=\"twitter:data1\" content=\"3 minutos\" \/>\n<script type=\"application\/ld+json\" class=\"yoast-schema-graph\">{\"@context\":\"https:\/\/schema.org\",\"@graph\":[{\"@type\":\"Organization\",\"@id\":\"https:\/\/www.jorvente.cl\/#organization\",\"name\":\"JORVENTE | MERCADO TEXTIL\",\"url\":\"https:\/\/www.jorvente.cl\/\",\"sameAs\":[\"https:\/\/www.facebook.com\/jorvente\",\"https:\/\/www.isntagram.com\/jorvente\"],\"logo\":{\"@type\":\"ImageObject\",\"@id\":\"https:\/\/www.jorvente.cl\/#logo\",\"inLanguage\":\"es-CL\",\"url\":\"https:\/\/www.jorvente.cl\/wp-content\/uploads\/2021\/07\/logo.png.png\",\"contentUrl\":\"https:\/\/www.jorvente.cl\/wp-content\/uploads\/2021\/07\/logo.png.png\",\"width\":400,\"height\":85,\"caption\":\"JORVENTE | MERCADO TEXTIL\"},\"image\":{\"@id\":\"https:\/\/www.jorvente.cl\/#logo\"}},{\"@type\":\"WebSite\",\"@id\":\"https:\/\/www.jorvente.cl\/#website\",\"url\":\"https:\/\/www.jorvente.cl\/\",\"name\":\"Jorvente | Mercado Textil\",\"description\":\"Jorvente | Mercado Textil\",\"publisher\":{\"@id\":\"https:\/\/www.jorvente.cl\/#organization\"},\"potentialAction\":[{\"@type\":\"SearchAction\",\"target\":{\"@type\":\"EntryPoint\",\"urlTemplate\":\"https:\/\/www.jorvente.cl\/?s={search_term_string}\"},\"query-input\":\"required name=search_term_string\"}],\"inLanguage\":\"es-CL\"},{\"@type\":\"WebPage\",\"@id\":\"https:\/\/www.jorvente.cl\/?page_id=452#webpage\",\"url\":\"https:\/\/www.jorvente.cl\/?page_id=452\",\"name\":\"JORVENTE | Jorvente | Mercado Textil\",\"isPartOf\":{\"@id\":\"https:\/\/www.jorvente.cl\/#website\"},\"datePublished\":\"2017-09-13T08:50:49+00:00\",\"dateModified\":\"2021-07-23T00:59:11+00:00\",\"breadcrumb\":{\"@id\":\"https:\/\/www.jorvente.cl\/?page_id=452#breadcrumb\"},\"inLanguage\":\"es-CL\",\"potentialAction\":[{\"@type\":\"ReadAction\",\"target\":[\"https:\/\/www.jorvente.cl\/?page_id=452\"]}]},{\"@type\":\"BreadcrumbList\",\"@id\":\"https:\/\/www.jorvente.cl\/?page_id=452#breadcrumb\",\"itemListElement\":[{\"@type\":\"ListItem\",\"position\":1,\"name\":\"Portada\",\"item\":\"https:\/\/www.jorvente.cl\/\"},{\"@type\":\"ListItem\",\"position\":2,\"name\":\"JORVENTE\"}]}]}<\/script>\n<!-- \/ Yoast SEO plugin. -->","yoast_head_json":{"title":"JORVENTE | Jorvente | Mercado Textil","robots":{"index":"index","follow":"follow","max-snippet":"max-snippet:-1","max-image-preview":"max-image-preview:large","max-video-preview":"max-video-preview:-1"},"canonical":"https:\/\/www.jorvente.cl\/?page_id=452","og_locale":"es_ES","og_type":"article","og_title":"JORVENTE | Jorvente | Mercado Textil","og_description":"[vc_row full_width=&#8221;stretch_row&#8221; bg_type=&#8221;image&#8221; parallax_style=&#8221;vcpb-vz-jquery&#8221; bg_image_new=&#8221;id^13541|url^http:\/\/164.90.144.202\/wp-content\/uploads\/2021\/07\/atacama-desert-in-chile.jpg|caption^null|alt^null|title^atacama-desert-in-chile|description^null&#8221; enable_overlay=&#8221;enable_overlay_value&#8221; overlay_color=&#8221;rgba(0,0,0,0.7)&#8221; css=&#8221;.vc_custom_1626845071382{margin-top: -70px !important;padding-top: 17% !important;padding-bottom: 65% !important;}&#8221;][vc_column][vc_row_inner el_class=&#8221;dt-sc-dark-bg&#8221;][vc_column_inner el_class=&#8221;about-content-block&#8221; width=&#8221;5\/6&#8243;][vc_single_image image=&#8221;12815&#8243; img_size=&#8221;full&#8221;][vc_custom_heading text=&#8221;M\u00c1S DE 19 A\u00d1OS DE EXPERIENCIA CONFECCI\u00d3N TEXTIL PROFESIONAL&#8221; font_container=&#8221;tag:h2|font_size:50|text_align:left&#8221; use_theme_fonts=&#8221;yes&#8221; el_class=&#8221;dt-sc-skin-highlight-txt vcr_heading-right&#8221;][vc_column_text]Nos preocupamos de buscar las mejores tecnolog\u00edas, telas y cumplir con los plazos exigidos por el cliente.[\/vc_column_text][\/vc_column_inner][vc_column_inner width=&#8221;1\/6&#8243;][\/vc_column_inner][\/vc_row_inner][\/vc_column][\/vc_row][vc_row][vc_column][\/vc_column][\/vc_row][vc_row css=&#8221;.vc_custom_1508925456020{padding-bottom: 20% !important;}&#8221;][vc_column width=&#8221;1\/2&#8243;][vc_custom_heading text=&#8221;COMERCIAL JORVENTE&#8221; [&hellip;]","og_url":"https:\/\/www.jorvente.cl\/?page_id=452","og_site_name":"Jorvente | Mercado Textil","article_publisher":"https:\/\/www.facebook.com\/jorvente","article_modified_time":"2021-07-23T00:59:11+00:00","twitter_card":"summary_large_image","twitter_misc":{"Est. reading time":"3 minutos"},"schema":{"@context":"https:\/\/schema.org","@graph":[{"@type":"Organization","@id":"https:\/\/www.jorvente.cl\/#organization","name":"JORVENTE | MERCADO TEXTIL","url":"https:\/\/www.jorvente.cl\/","sameAs":["https:\/\/www.facebook.com\/jorvente","https:\/\/www.isntagram.com\/jorvente"],"logo":{"@type":"ImageObject","@id":"https:\/\/www.jorvente.cl\/#logo","inLanguage":"es-CL","url":"https:\/\/www.jorvente.cl\/wp-content\/uploads\/2021\/07\/logo.png.png","contentUrl":"https:\/\/www.jorvente.cl\/wp-content\/uploads\/2021\/07\/logo.png.png","width":400,"height":85,"caption":"JORVENTE | MERCADO TEXTIL"},"image":{"@id":"https:\/\/www.jorvente.cl\/#logo"}},{"@type":"WebSite","@id":"https:\/\/www.jorvente.cl\/#website","url":"https:\/\/www.jorvente.cl\/","name":"Jorvente | Mercado Textil","description":"Jorvente | Mercado Textil","publisher":{"@id":"https:\/\/www.jorvente.cl\/#organization"},"potentialAction":[{"@type":"SearchAction","target":{"@type":"EntryPoint","urlTemplate":"https:\/\/www.jorvente.cl\/?s={search_term_string}"},"query-input":"required name=search_term_string"}],"inLanguage":"es-CL"},{"@type":"WebPage","@id":"https:\/\/www.jorvente.cl\/?page_id=452#webpage","url":"https:\/\/www.jorvente.cl\/?page_id=452","name":"JORVENTE | Jorvente | Mercado Textil","isPartOf":{"@id":"https:\/\/www.jorvente.cl\/#website"},"datePublished":"2017-09-13T08:50:49+00:00","dateModified":"2021-07-23T00:59:11+00:00","breadcrumb":{"@id":"https:\/\/www.jorvente.cl\/?page_id=452#breadcrumb"},"inLanguage":"es-CL","potentialAction":[{"@type":"ReadAction","target":["https:\/\/www.jorvente.cl\/?page_id=452"]}]},{"@type":"BreadcrumbList","@id":"https:\/\/www.jorvente.cl\/?page_id=452#breadcrumb","itemListElement":[{"@type":"ListItem","position":1,"name":"Portada","item":"https:\/\/www.jorvente.cl\/"},{"@type":"ListItem","position":2,"name":"JORVENTE"}]}]}},"_links":{"self":[{"href":"https:\/\/www.jorvente.cl\/index.php?rest_route=\/wp\/v2\/pages\/452"}],"collection":[{"href":"https:\/\/www.jorvente.cl\/index.php?rest_route=\/wp\/v2\/pages"}],"about":[{"href":"https:\/\/www.jorvente.cl\/index.php?rest_route=\/wp\/v2\/types\/page"}],"author":[{"embeddable":true,"href":"https:\/\/www.jorvente.cl\/index.php?rest_route=\/wp\/v2\/users\/1"}],"replies":[{"embeddable":true,"href":"https:\/\/www.jorvente.cl\/index.php?rest_route=%2Fwp%2Fv2%2Fcomments&post=452"}],"version-history":[{"count":22,"href":"https:\/\/www.jorvente.cl\/index.php?rest_route=\/wp\/v2\/pages\/452\/revisions"}],"predecessor-version":[{"id":13543,"href":"https:\/\/www.jorvente.cl\/index.php?rest_route=\/wp\/v2\/pages\/452\/revisions\/13543"}],"wp:attachment":[{"href":"https:\/\/www.jorvente.cl\/index.php?rest_route=%2Fwp%2Fv2%2Fmedia&parent=452"}],"curies":[{"name":"wp","href":"https:\/\/api.w.org\/{rel}","templated":true}]}}