{"id":12885,"date":"2021-07-19T20:10:38","date_gmt":"2021-07-19T23:10:38","guid":{"rendered":"http:\/\/164.90.144.202\/?post_type=product&#038;p=12885"},"modified":"2024-08-13T16:20:22","modified_gmt":"2024-08-13T19:20:22","slug":"bolso-deportivo","status":"publish","type":"product","link":"https:\/\/www.jorvente.cl\/?product=bolso-deportivo","title":{"rendered":"Bolso deportivo"},"content":{"rendered":"<p>Bolso deportivo de 90 cms de largox45 cms de di\u00e1metro,consta de asa para f\u00e1cil transporte y bolsillo de 18 cm de largo y 14 cm de ancho con cierre de broche. 2 correas acolchadas de 7 cm de ancho y ajustables para los hombros con presillas de liberaci\u00f3n r\u00e1pida.- Abertura en el extremo superior, con 4 ojetillos met\u00e1licos de \u00be di\u00e1metro y un gancho met\u00e1lico para asegurar con candado.- Cubierta en la parte superior para proteger contenido. Confeccionado en tela Cordura Nylon 1000 D para mayor resistencia.<\/p>\n","protected":false},"excerpt":{"rendered":"<p>Bolso deportivo de 90 cms de largox45 cms de di\u00e1metro,consta de asa para f\u00e1cil transporte y bolsillo de 18 cm de largo y 14 cm de ancho con cierre de broche. 2 correas acolchadas de 7 cm de ancho y ajustables para los hombros con presillas de liberaci\u00f3n r\u00e1pida.- Abertura en el extremo superior, con [&hellip;]<\/p>\n","protected":false},"featured_media":12948,"template":"","meta":[],"product_cat":[207,227],"product_tag":[],"yoast_head":"<!-- This site is optimized with the Yoast SEO plugin v16.7 - https:\/\/yoast.com\/wordpress\/plugins\/seo\/ -->\n<title>Bolso deportivo | Jorvente | Mercado Textil<\/title>\n<meta name=\"robots\" content=\"index, follow, max-snippet:-1, max-image-preview:large, max-video-preview:-1\" \/>\n<link rel=\"canonical\" href=\"https:\/\/www.jorvente.cl\/?product=bolso-deportivo\" \/>\n<meta property=\"og:locale\" content=\"es_ES\" \/>\n<meta property=\"og:type\" content=\"article\" \/>\n<meta property=\"og:title\" content=\"Bolso deportivo | Jorvente | Mercado Textil\" \/>\n<meta property=\"og:description\" content=\"Bolso deportivo de 90 cms de largox45 cms de di\u00e1metro,consta de asa para f\u00e1cil transporte y bolsillo de 18 cm de largo y 14 cm de ancho con cierre de broche. 2 correas acolchadas de 7 cm de ancho y ajustables para los hombros con presillas de liberaci\u00f3n r\u00e1pida.- Abertura en el extremo superior, con [&hellip;]\" \/>\n<meta property=\"og:url\" content=\"https:\/\/www.jorvente.cl\/?product=bolso-deportivo\" \/>\n<meta property=\"og:site_name\" content=\"Jorvente | Mercado Textil\" \/>\n<meta property=\"article:publisher\" content=\"https:\/\/www.facebook.com\/jorvente\" \/>\n<meta property=\"article:modified_time\" content=\"2024-08-13T19:20:22+00:00\" \/>\n<meta property=\"og:image\" content=\"http:\/\/www.jorvente.cl\/wp-content\/uploads\/2021\/07\/BG005.jpg\" \/>\n\t<meta property=\"og:image:width\" content=\"614\" \/>\n\t<meta property=\"og:image:height\" content=\"924\" \/>\n<meta name=\"twitter:card\" content=\"summary_large_image\" \/>\n<script type=\"application\/ld+json\" class=\"yoast-schema-graph\">{\"@context\":\"https:\/\/schema.org\",\"@graph\":[{\"@type\":\"Organization\",\"@id\":\"https:\/\/www.jorvente.cl\/#organization\",\"name\":\"JORVENTE | MERCADO TEXTIL\",\"url\":\"https:\/\/www.jorvente.cl\/\",\"sameAs\":[\"https:\/\/www.facebook.com\/jorvente\",\"https:\/\/www.isntagram.com\/jorvente\"],\"logo\":{\"@type\":\"ImageObject\",\"@id\":\"https:\/\/www.jorvente.cl\/#logo\",\"inLanguage\":\"es-CL\",\"url\":\"https:\/\/www.jorvente.cl\/wp-content\/uploads\/2021\/07\/logo.png.png\",\"contentUrl\":\"https:\/\/www.jorvente.cl\/wp-content\/uploads\/2021\/07\/logo.png.png\",\"width\":400,\"height\":85,\"caption\":\"JORVENTE | MERCADO TEXTIL\"},\"image\":{\"@id\":\"https:\/\/www.jorvente.cl\/#logo\"}},{\"@type\":\"WebSite\",\"@id\":\"https:\/\/www.jorvente.cl\/#website\",\"url\":\"https:\/\/www.jorvente.cl\/\",\"name\":\"Jorvente | Mercado Textil\",\"description\":\"Jorvente | Mercado Textil\",\"publisher\":{\"@id\":\"https:\/\/www.jorvente.cl\/#organization\"},\"potentialAction\":[{\"@type\":\"SearchAction\",\"target\":{\"@type\":\"EntryPoint\",\"urlTemplate\":\"https:\/\/www.jorvente.cl\/?s={search_term_string}\"},\"query-input\":\"required name=search_term_string\"}],\"inLanguage\":\"es-CL\"},{\"@type\":\"ImageObject\",\"@id\":\"https:\/\/www.jorvente.cl\/?product=bolso-deportivo#primaryimage\",\"inLanguage\":\"es-CL\",\"url\":\"https:\/\/www.jorvente.cl\/wp-content\/uploads\/2021\/07\/BG005.jpg\",\"contentUrl\":\"https:\/\/www.jorvente.cl\/wp-content\/uploads\/2021\/07\/BG005.jpg\",\"width\":614,\"height\":924},{\"@type\":\"WebPage\",\"@id\":\"https:\/\/www.jorvente.cl\/?product=bolso-deportivo#webpage\",\"url\":\"https:\/\/www.jorvente.cl\/?product=bolso-deportivo\",\"name\":\"Bolso deportivo | Jorvente | Mercado Textil\",\"isPartOf\":{\"@id\":\"https:\/\/www.jorvente.cl\/#website\"},\"primaryImageOfPage\":{\"@id\":\"https:\/\/www.jorvente.cl\/?product=bolso-deportivo#primaryimage\"},\"datePublished\":\"2021-07-19T23:10:38+00:00\",\"dateModified\":\"2024-08-13T19:20:22+00:00\",\"breadcrumb\":{\"@id\":\"https:\/\/www.jorvente.cl\/?product=bolso-deportivo#breadcrumb\"},\"inLanguage\":\"es-CL\",\"potentialAction\":[{\"@type\":\"ReadAction\",\"target\":[\"https:\/\/www.jorvente.cl\/?product=bolso-deportivo\"]}]},{\"@type\":\"BreadcrumbList\",\"@id\":\"https:\/\/www.jorvente.cl\/?product=bolso-deportivo#breadcrumb\",\"itemListElement\":[{\"@type\":\"ListItem\",\"position\":1,\"name\":\"Portada\",\"item\":\"https:\/\/www.jorvente.cl\/\"},{\"@type\":\"ListItem\",\"position\":2,\"name\":\"Shop\",\"item\":\"https:\/\/www.jorvente.cl\/?page_id=6\"},{\"@type\":\"ListItem\",\"position\":3,\"name\":\"Bolso deportivo\"}]}]}<\/script>\n<!-- \/ Yoast SEO plugin. -->","yoast_head_json":{"title":"Bolso deportivo | Jorvente | Mercado Textil","robots":{"index":"index","follow":"follow","max-snippet":"max-snippet:-1","max-image-preview":"max-image-preview:large","max-video-preview":"max-video-preview:-1"},"canonical":"https:\/\/www.jorvente.cl\/?product=bolso-deportivo","og_locale":"es_ES","og_type":"article","og_title":"Bolso deportivo | Jorvente | Mercado Textil","og_description":"Bolso deportivo de 90 cms de largox45 cms de di\u00e1metro,consta de asa para f\u00e1cil transporte y bolsillo de 18 cm de largo y 14 cm de ancho con cierre de broche. 2 correas acolchadas de 7 cm de ancho y ajustables para los hombros con presillas de liberaci\u00f3n r\u00e1pida.- Abertura en el extremo superior, con [&hellip;]","og_url":"https:\/\/www.jorvente.cl\/?product=bolso-deportivo","og_site_name":"Jorvente | Mercado Textil","article_publisher":"https:\/\/www.facebook.com\/jorvente","article_modified_time":"2024-08-13T19:20:22+00:00","og_image":[{"width":614,"height":924,"url":"http:\/\/www.jorvente.cl\/wp-content\/uploads\/2021\/07\/BG005.jpg","path":"\/var\/www\/example.com\/wp-content\/uploads\/2021\/07\/BG005.jpg","size":"full","id":12948,"alt":"","pixels":567336,"type":"image\/jpeg"}],"twitter_card":"summary_large_image","schema":{"@context":"https:\/\/schema.org","@graph":[{"@type":"Organization","@id":"https:\/\/www.jorvente.cl\/#organization","name":"JORVENTE | MERCADO TEXTIL","url":"https:\/\/www.jorvente.cl\/","sameAs":["https:\/\/www.facebook.com\/jorvente","https:\/\/www.isntagram.com\/jorvente"],"logo":{"@type":"ImageObject","@id":"https:\/\/www.jorvente.cl\/#logo","inLanguage":"es-CL","url":"https:\/\/www.jorvente.cl\/wp-content\/uploads\/2021\/07\/logo.png.png","contentUrl":"https:\/\/www.jorvente.cl\/wp-content\/uploads\/2021\/07\/logo.png.png","width":400,"height":85,"caption":"JORVENTE | MERCADO TEXTIL"},"image":{"@id":"https:\/\/www.jorvente.cl\/#logo"}},{"@type":"WebSite","@id":"https:\/\/www.jorvente.cl\/#website","url":"https:\/\/www.jorvente.cl\/","name":"Jorvente | Mercado Textil","description":"Jorvente | Mercado Textil","publisher":{"@id":"https:\/\/www.jorvente.cl\/#organization"},"potentialAction":[{"@type":"SearchAction","target":{"@type":"EntryPoint","urlTemplate":"https:\/\/www.jorvente.cl\/?s={search_term_string}"},"query-input":"required name=search_term_string"}],"inLanguage":"es-CL"},{"@type":"ImageObject","@id":"https:\/\/www.jorvente.cl\/?product=bolso-deportivo#primaryimage","inLanguage":"es-CL","url":"https:\/\/www.jorvente.cl\/wp-content\/uploads\/2021\/07\/BG005.jpg","contentUrl":"https:\/\/www.jorvente.cl\/wp-content\/uploads\/2021\/07\/BG005.jpg","width":614,"height":924},{"@type":"WebPage","@id":"https:\/\/www.jorvente.cl\/?product=bolso-deportivo#webpage","url":"https:\/\/www.jorvente.cl\/?product=bolso-deportivo","name":"Bolso deportivo | Jorvente | Mercado Textil","isPartOf":{"@id":"https:\/\/www.jorvente.cl\/#website"},"primaryImageOfPage":{"@id":"https:\/\/www.jorvente.cl\/?product=bolso-deportivo#primaryimage"},"datePublished":"2021-07-19T23:10:38+00:00","dateModified":"2024-08-13T19:20:22+00:00","breadcrumb":{"@id":"https:\/\/www.jorvente.cl\/?product=bolso-deportivo#breadcrumb"},"inLanguage":"es-CL","potentialAction":[{"@type":"ReadAction","target":["https:\/\/www.jorvente.cl\/?product=bolso-deportivo"]}]},{"@type":"BreadcrumbList","@id":"https:\/\/www.jorvente.cl\/?product=bolso-deportivo#breadcrumb","itemListElement":[{"@type":"ListItem","position":1,"name":"Portada","item":"https:\/\/www.jorvente.cl\/"},{"@type":"ListItem","position":2,"name":"Shop","item":"https:\/\/www.jorvente.cl\/?page_id=6"},{"@type":"ListItem","position":3,"name":"Bolso deportivo"}]}]}},"_links":{"self":[{"href":"https:\/\/www.jorvente.cl\/index.php?rest_route=\/wp\/v2\/product\/12885"}],"collection":[{"href":"https:\/\/www.jorvente.cl\/index.php?rest_route=\/wp\/v2\/product"}],"about":[{"href":"https:\/\/www.jorvente.cl\/index.php?rest_route=\/wp\/v2\/types\/product"}],"wp:featuredmedia":[{"embeddable":true,"href":"https:\/\/www.jorvente.cl\/index.php?rest_route=\/wp\/v2\/media\/12948"}],"wp:attachment":[{"href":"https:\/\/www.jorvente.cl\/index.php?rest_route=%2Fwp%2Fv2%2Fmedia&parent=12885"}],"wp:term":[{"taxonomy":"product_cat","embeddable":true,"href":"https:\/\/www.jorvente.cl\/index.php?rest_route=%2Fwp%2Fv2%2Fproduct_cat&post=12885"},{"taxonomy":"product_tag","embeddable":true,"href":"https:\/\/www.jorvente.cl\/index.php?rest_route=%2Fwp%2Fv2%2Fproduct_tag&post=12885"}],"curies":[{"name":"wp","href":"https:\/\/api.w.org\/{rel}","templated":true}]}}