{"id":13204,"date":"2021-07-19T20:18:00","date_gmt":"2021-07-19T23:18:00","guid":{"rendered":"http:\/\/164.90.144.202\/?post_type=product&#038;p=13204"},"modified":"2021-07-19T20:53:36","modified_gmt":"2021-07-19T23:53:36","slug":"polera-running-masculina-dry-fit-jorvente","status":"publish","type":"product","link":"https:\/\/www.jorvente.cl\/?product=polera-running-masculina-dry-fit-jorvente","title":{"rendered":"Polera Running Masculina Dry Fit Jorvente"},"content":{"rendered":"<p>Su corte cl\u00e1sico ofrece un poco m\u00e1s de espacio, para moverse con mayor libertad. Su gran superficie permite realizar estampado en serigraf\u00eda lo que la hace muy vers\u00e1til para una gran cantidad de actividades deportivas, permitiendo publicidad a la instituci\u00f3n deportiva.<\/p>\n<p><strong>Especificaci\u00f3n<\/strong><\/p>\n<p>Tela Boston<\/p>\n<p>Manga corta color rojo<\/p>\n<p>Tratamiento de tela dry fit.<\/p>\n<p>R\u00e1pida Absorci\u00f3n<\/p>\n<p>Filtro UV<\/p>\n<p>Transporte de humedad para uso \u00f3ptimo al momento de la actividad f\u00edsica.<\/p>\n","protected":false},"excerpt":{"rendered":"<p>Su corte cl\u00e1sico ofrece un poco m\u00e1s de espacio, para moverse con mayor libertad. Su gran superficie permite realizar estampado en serigraf\u00eda lo que la hace muy vers\u00e1til para una gran cantidad de actividades deportivas, permitiendo publicidad a la instituci\u00f3n deportiva. Especificaci\u00f3n Tela Boston Manga corta color rojo Tratamiento de tela dry fit. R\u00e1pida Absorci\u00f3n [&hellip;]<\/p>\n","protected":false},"featured_media":13258,"template":"","meta":[],"product_cat":[230,235],"product_tag":[244],"yoast_head":"<!-- This site is optimized with the Yoast SEO plugin v16.7 - https:\/\/yoast.com\/wordpress\/plugins\/seo\/ -->\n<title>Polera Running Masculina Dry Fit Jorvente | Jorvente | Mercado Textil<\/title>\n<meta name=\"robots\" content=\"index, follow, max-snippet:-1, max-image-preview:large, max-video-preview:-1\" \/>\n<link rel=\"canonical\" href=\"https:\/\/www.jorvente.cl\/?product=polera-running-masculina-dry-fit-jorvente\" \/>\n<meta property=\"og:locale\" content=\"es_ES\" \/>\n<meta property=\"og:type\" content=\"article\" \/>\n<meta property=\"og:title\" content=\"Polera Running Masculina Dry Fit Jorvente | Jorvente | Mercado Textil\" \/>\n<meta property=\"og:description\" content=\"Su corte cl\u00e1sico ofrece un poco m\u00e1s de espacio, para moverse con mayor libertad. Su gran superficie permite realizar estampado en serigraf\u00eda lo que la hace muy vers\u00e1til para una gran cantidad de actividades deportivas, permitiendo publicidad a la instituci\u00f3n deportiva. Especificaci\u00f3n Tela Boston Manga corta color rojo Tratamiento de tela dry fit. R\u00e1pida Absorci\u00f3n [&hellip;]\" \/>\n<meta property=\"og:url\" content=\"https:\/\/www.jorvente.cl\/?product=polera-running-masculina-dry-fit-jorvente\" \/>\n<meta property=\"og:site_name\" content=\"Jorvente | Mercado Textil\" \/>\n<meta property=\"article:publisher\" content=\"https:\/\/www.facebook.com\/jorvente\" \/>\n<meta property=\"article:modified_time\" content=\"2021-07-19T23:53:36+00:00\" \/>\n<meta property=\"og:image\" content=\"https:\/\/www.jorvente.cl\/wp-content\/uploads\/2021\/07\/polera-roja-hombre-230x230-1.jpg\" \/>\n\t<meta property=\"og:image:width\" content=\"230\" \/>\n\t<meta property=\"og:image:height\" content=\"230\" \/>\n<meta name=\"twitter:card\" content=\"summary_large_image\" \/>\n<script type=\"application\/ld+json\" class=\"yoast-schema-graph\">{\"@context\":\"https:\/\/schema.org\",\"@graph\":[{\"@type\":\"Organization\",\"@id\":\"https:\/\/www.jorvente.cl\/#organization\",\"name\":\"JORVENTE | MERCADO TEXTIL\",\"url\":\"https:\/\/www.jorvente.cl\/\",\"sameAs\":[\"https:\/\/www.facebook.com\/jorvente\",\"https:\/\/www.isntagram.com\/jorvente\"],\"logo\":{\"@type\":\"ImageObject\",\"@id\":\"https:\/\/www.jorvente.cl\/#logo\",\"inLanguage\":\"es-CL\",\"url\":\"https:\/\/www.jorvente.cl\/wp-content\/uploads\/2021\/07\/logo.png.png\",\"contentUrl\":\"https:\/\/www.jorvente.cl\/wp-content\/uploads\/2021\/07\/logo.png.png\",\"width\":400,\"height\":85,\"caption\":\"JORVENTE | MERCADO TEXTIL\"},\"image\":{\"@id\":\"https:\/\/www.jorvente.cl\/#logo\"}},{\"@type\":\"WebSite\",\"@id\":\"https:\/\/www.jorvente.cl\/#website\",\"url\":\"https:\/\/www.jorvente.cl\/\",\"name\":\"Jorvente | Mercado Textil\",\"description\":\"Jorvente | Mercado Textil\",\"publisher\":{\"@id\":\"https:\/\/www.jorvente.cl\/#organization\"},\"potentialAction\":[{\"@type\":\"SearchAction\",\"target\":{\"@type\":\"EntryPoint\",\"urlTemplate\":\"https:\/\/www.jorvente.cl\/?s={search_term_string}\"},\"query-input\":\"required name=search_term_string\"}],\"inLanguage\":\"es-CL\"},{\"@type\":\"ImageObject\",\"@id\":\"https:\/\/www.jorvente.cl\/?product=polera-running-masculina-dry-fit-jorvente#primaryimage\",\"inLanguage\":\"es-CL\",\"url\":\"https:\/\/www.jorvente.cl\/wp-content\/uploads\/2021\/07\/polera-roja-hombre-230x230-1.jpg\",\"contentUrl\":\"https:\/\/www.jorvente.cl\/wp-content\/uploads\/2021\/07\/polera-roja-hombre-230x230-1.jpg\",\"width\":230,\"height\":230},{\"@type\":\"WebPage\",\"@id\":\"https:\/\/www.jorvente.cl\/?product=polera-running-masculina-dry-fit-jorvente#webpage\",\"url\":\"https:\/\/www.jorvente.cl\/?product=polera-running-masculina-dry-fit-jorvente\",\"name\":\"Polera Running Masculina Dry Fit Jorvente | Jorvente | Mercado Textil\",\"isPartOf\":{\"@id\":\"https:\/\/www.jorvente.cl\/#website\"},\"primaryImageOfPage\":{\"@id\":\"https:\/\/www.jorvente.cl\/?product=polera-running-masculina-dry-fit-jorvente#primaryimage\"},\"datePublished\":\"2021-07-19T23:18:00+00:00\",\"dateModified\":\"2021-07-19T23:53:36+00:00\",\"breadcrumb\":{\"@id\":\"https:\/\/www.jorvente.cl\/?product=polera-running-masculina-dry-fit-jorvente#breadcrumb\"},\"inLanguage\":\"es-CL\",\"potentialAction\":[{\"@type\":\"ReadAction\",\"target\":[\"https:\/\/www.jorvente.cl\/?product=polera-running-masculina-dry-fit-jorvente\"]}]},{\"@type\":\"BreadcrumbList\",\"@id\":\"https:\/\/www.jorvente.cl\/?product=polera-running-masculina-dry-fit-jorvente#breadcrumb\",\"itemListElement\":[{\"@type\":\"ListItem\",\"position\":1,\"name\":\"Portada\",\"item\":\"https:\/\/www.jorvente.cl\/\"},{\"@type\":\"ListItem\",\"position\":2,\"name\":\"Shop\",\"item\":\"https:\/\/www.jorvente.cl\/?page_id=6\"},{\"@type\":\"ListItem\",\"position\":3,\"name\":\"Polera Running Masculina Dry Fit Jorvente\"}]}]}<\/script>\n<!-- \/ Yoast SEO plugin. -->","yoast_head_json":{"title":"Polera Running Masculina Dry Fit Jorvente | Jorvente | Mercado Textil","robots":{"index":"index","follow":"follow","max-snippet":"max-snippet:-1","max-image-preview":"max-image-preview:large","max-video-preview":"max-video-preview:-1"},"canonical":"https:\/\/www.jorvente.cl\/?product=polera-running-masculina-dry-fit-jorvente","og_locale":"es_ES","og_type":"article","og_title":"Polera Running Masculina Dry Fit Jorvente | Jorvente | Mercado Textil","og_description":"Su corte cl\u00e1sico ofrece un poco m\u00e1s de espacio, para moverse con mayor libertad. Su gran superficie permite realizar estampado en serigraf\u00eda lo que la hace muy vers\u00e1til para una gran cantidad de actividades deportivas, permitiendo publicidad a la instituci\u00f3n deportiva. Especificaci\u00f3n Tela Boston Manga corta color rojo Tratamiento de tela dry fit. R\u00e1pida Absorci\u00f3n [&hellip;]","og_url":"https:\/\/www.jorvente.cl\/?product=polera-running-masculina-dry-fit-jorvente","og_site_name":"Jorvente | Mercado Textil","article_publisher":"https:\/\/www.facebook.com\/jorvente","article_modified_time":"2021-07-19T23:53:36+00:00","og_image":[{"width":230,"height":230,"url":"https:\/\/www.jorvente.cl\/wp-content\/uploads\/2021\/07\/polera-roja-hombre-230x230-1.jpg","path":"\/var\/www\/example.com\/wp-content\/uploads\/2021\/07\/polera-roja-hombre-230x230-1.jpg","size":"full","id":13258,"alt":"","pixels":52900,"type":"image\/jpeg"}],"twitter_card":"summary_large_image","schema":{"@context":"https:\/\/schema.org","@graph":[{"@type":"Organization","@id":"https:\/\/www.jorvente.cl\/#organization","name":"JORVENTE | MERCADO TEXTIL","url":"https:\/\/www.jorvente.cl\/","sameAs":["https:\/\/www.facebook.com\/jorvente","https:\/\/www.isntagram.com\/jorvente"],"logo":{"@type":"ImageObject","@id":"https:\/\/www.jorvente.cl\/#logo","inLanguage":"es-CL","url":"https:\/\/www.jorvente.cl\/wp-content\/uploads\/2021\/07\/logo.png.png","contentUrl":"https:\/\/www.jorvente.cl\/wp-content\/uploads\/2021\/07\/logo.png.png","width":400,"height":85,"caption":"JORVENTE | MERCADO TEXTIL"},"image":{"@id":"https:\/\/www.jorvente.cl\/#logo"}},{"@type":"WebSite","@id":"https:\/\/www.jorvente.cl\/#website","url":"https:\/\/www.jorvente.cl\/","name":"Jorvente | Mercado Textil","description":"Jorvente | Mercado Textil","publisher":{"@id":"https:\/\/www.jorvente.cl\/#organization"},"potentialAction":[{"@type":"SearchAction","target":{"@type":"EntryPoint","urlTemplate":"https:\/\/www.jorvente.cl\/?s={search_term_string}"},"query-input":"required name=search_term_string"}],"inLanguage":"es-CL"},{"@type":"ImageObject","@id":"https:\/\/www.jorvente.cl\/?product=polera-running-masculina-dry-fit-jorvente#primaryimage","inLanguage":"es-CL","url":"https:\/\/www.jorvente.cl\/wp-content\/uploads\/2021\/07\/polera-roja-hombre-230x230-1.jpg","contentUrl":"https:\/\/www.jorvente.cl\/wp-content\/uploads\/2021\/07\/polera-roja-hombre-230x230-1.jpg","width":230,"height":230},{"@type":"WebPage","@id":"https:\/\/www.jorvente.cl\/?product=polera-running-masculina-dry-fit-jorvente#webpage","url":"https:\/\/www.jorvente.cl\/?product=polera-running-masculina-dry-fit-jorvente","name":"Polera Running Masculina Dry Fit Jorvente | Jorvente | Mercado Textil","isPartOf":{"@id":"https:\/\/www.jorvente.cl\/#website"},"primaryImageOfPage":{"@id":"https:\/\/www.jorvente.cl\/?product=polera-running-masculina-dry-fit-jorvente#primaryimage"},"datePublished":"2021-07-19T23:18:00+00:00","dateModified":"2021-07-19T23:53:36+00:00","breadcrumb":{"@id":"https:\/\/www.jorvente.cl\/?product=polera-running-masculina-dry-fit-jorvente#breadcrumb"},"inLanguage":"es-CL","potentialAction":[{"@type":"ReadAction","target":["https:\/\/www.jorvente.cl\/?product=polera-running-masculina-dry-fit-jorvente"]}]},{"@type":"BreadcrumbList","@id":"https:\/\/www.jorvente.cl\/?product=polera-running-masculina-dry-fit-jorvente#breadcrumb","itemListElement":[{"@type":"ListItem","position":1,"name":"Portada","item":"https:\/\/www.jorvente.cl\/"},{"@type":"ListItem","position":2,"name":"Shop","item":"https:\/\/www.jorvente.cl\/?page_id=6"},{"@type":"ListItem","position":3,"name":"Polera Running Masculina Dry Fit Jorvente"}]}]}},"_links":{"self":[{"href":"https:\/\/www.jorvente.cl\/index.php?rest_route=\/wp\/v2\/product\/13204"}],"collection":[{"href":"https:\/\/www.jorvente.cl\/index.php?rest_route=\/wp\/v2\/product"}],"about":[{"href":"https:\/\/www.jorvente.cl\/index.php?rest_route=\/wp\/v2\/types\/product"}],"wp:featuredmedia":[{"embeddable":true,"href":"https:\/\/www.jorvente.cl\/index.php?rest_route=\/wp\/v2\/media\/13258"}],"wp:attachment":[{"href":"https:\/\/www.jorvente.cl\/index.php?rest_route=%2Fwp%2Fv2%2Fmedia&parent=13204"}],"wp:term":[{"taxonomy":"product_cat","embeddable":true,"href":"https:\/\/www.jorvente.cl\/index.php?rest_route=%2Fwp%2Fv2%2Fproduct_cat&post=13204"},{"taxonomy":"product_tag","embeddable":true,"href":"https:\/\/www.jorvente.cl\/index.php?rest_route=%2Fwp%2Fv2%2Fproduct_tag&post=13204"}],"curies":[{"name":"wp","href":"https:\/\/api.w.org\/{rel}","templated":true}]}}