{"id":13294,"date":"2021-07-19T20:54:13","date_gmt":"2021-07-19T23:54:13","guid":{"rendered":"http:\/\/164.90.144.202\/?post_type=product&#038;p=13294"},"modified":"2021-07-19T20:54:27","modified_gmt":"2021-07-19T23:54:27","slug":"polera-running-dry-fit-verde-fluor","status":"publish","type":"product","link":"https:\/\/www.jorvente.cl\/?product=polera-running-dry-fit-verde-fluor","title":{"rendered":"POLERA RUNNING DRY FIT VERDE FLUOR"},"content":{"rendered":"<p>Polera masculina manga corta verde fl\u00faor, tela dry fit, filtro UV, r\u00e1pida absorci\u00f3n, secado r\u00e1pido. <\/p>\n<p>Permite realizar estampado, lo que la hace vers\u00e1til para una gran cantidad de actividades deportivas outdoor, permitiendo publicidad a la instituci\u00f3n deportiva.<\/p>\n","protected":false},"excerpt":{"rendered":"<p>Polera masculina manga corta verde fl\u00faor, tela dry fit, filtro UV, r\u00e1pida absorci\u00f3n, secado r\u00e1pido. Permite realizar estampado, lo que la hace vers\u00e1til para una gran cantidad de actividades deportivas outdoor, permitiendo publicidad a la instituci\u00f3n deportiva.<\/p>\n","protected":false},"featured_media":13316,"template":"","meta":[],"product_cat":[230,235,209],"product_tag":[263,244],"yoast_head":"<!-- This site is optimized with the Yoast SEO plugin v16.7 - https:\/\/yoast.com\/wordpress\/plugins\/seo\/ -->\n<title>POLERA RUNNING DRY FIT VERDE FLUOR | Jorvente | Mercado Textil<\/title>\n<meta name=\"robots\" content=\"index, follow, max-snippet:-1, max-image-preview:large, max-video-preview:-1\" \/>\n<link rel=\"canonical\" href=\"https:\/\/www.jorvente.cl\/?product=polera-running-dry-fit-verde-fluor\" \/>\n<meta property=\"og:locale\" content=\"es_ES\" \/>\n<meta property=\"og:type\" content=\"article\" \/>\n<meta property=\"og:title\" content=\"POLERA RUNNING DRY FIT VERDE FLUOR | Jorvente | Mercado Textil\" \/>\n<meta property=\"og:description\" content=\"Polera masculina manga corta verde fl\u00faor, tela dry fit, filtro UV, r\u00e1pida absorci\u00f3n, secado r\u00e1pido. Permite realizar estampado, lo que la hace vers\u00e1til para una gran cantidad de actividades deportivas outdoor, permitiendo publicidad a la instituci\u00f3n deportiva.\" \/>\n<meta property=\"og:url\" content=\"https:\/\/www.jorvente.cl\/?product=polera-running-dry-fit-verde-fluor\" \/>\n<meta property=\"og:site_name\" content=\"Jorvente | Mercado Textil\" \/>\n<meta property=\"article:publisher\" content=\"https:\/\/www.facebook.com\/jorvente\" \/>\n<meta property=\"article:modified_time\" content=\"2021-07-19T23:54:27+00:00\" \/>\n<meta property=\"og:image\" content=\"https:\/\/www.jorvente.cl\/wp-content\/uploads\/2021\/07\/POLERA-VERDE-FLUOR-230x230-1.jpg\" \/>\n\t<meta property=\"og:image:width\" content=\"230\" \/>\n\t<meta property=\"og:image:height\" content=\"230\" \/>\n<meta name=\"twitter:card\" content=\"summary_large_image\" \/>\n<script type=\"application\/ld+json\" class=\"yoast-schema-graph\">{\"@context\":\"https:\/\/schema.org\",\"@graph\":[{\"@type\":\"Organization\",\"@id\":\"https:\/\/www.jorvente.cl\/#organization\",\"name\":\"JORVENTE | MERCADO TEXTIL\",\"url\":\"https:\/\/www.jorvente.cl\/\",\"sameAs\":[\"https:\/\/www.facebook.com\/jorvente\",\"https:\/\/www.isntagram.com\/jorvente\"],\"logo\":{\"@type\":\"ImageObject\",\"@id\":\"https:\/\/www.jorvente.cl\/#logo\",\"inLanguage\":\"es-CL\",\"url\":\"https:\/\/www.jorvente.cl\/wp-content\/uploads\/2021\/07\/logo.png.png\",\"contentUrl\":\"https:\/\/www.jorvente.cl\/wp-content\/uploads\/2021\/07\/logo.png.png\",\"width\":400,\"height\":85,\"caption\":\"JORVENTE | MERCADO TEXTIL\"},\"image\":{\"@id\":\"https:\/\/www.jorvente.cl\/#logo\"}},{\"@type\":\"WebSite\",\"@id\":\"https:\/\/www.jorvente.cl\/#website\",\"url\":\"https:\/\/www.jorvente.cl\/\",\"name\":\"Jorvente | Mercado Textil\",\"description\":\"Jorvente | Mercado Textil\",\"publisher\":{\"@id\":\"https:\/\/www.jorvente.cl\/#organization\"},\"potentialAction\":[{\"@type\":\"SearchAction\",\"target\":{\"@type\":\"EntryPoint\",\"urlTemplate\":\"https:\/\/www.jorvente.cl\/?s={search_term_string}\"},\"query-input\":\"required name=search_term_string\"}],\"inLanguage\":\"es-CL\"},{\"@type\":\"ImageObject\",\"@id\":\"https:\/\/www.jorvente.cl\/?product=polera-running-dry-fit-verde-fluor#primaryimage\",\"inLanguage\":\"es-CL\",\"url\":\"https:\/\/www.jorvente.cl\/wp-content\/uploads\/2021\/07\/POLERA-VERDE-FLUOR-230x230-1.jpg\",\"contentUrl\":\"https:\/\/www.jorvente.cl\/wp-content\/uploads\/2021\/07\/POLERA-VERDE-FLUOR-230x230-1.jpg\",\"width\":230,\"height\":230},{\"@type\":\"WebPage\",\"@id\":\"https:\/\/www.jorvente.cl\/?product=polera-running-dry-fit-verde-fluor#webpage\",\"url\":\"https:\/\/www.jorvente.cl\/?product=polera-running-dry-fit-verde-fluor\",\"name\":\"POLERA RUNNING DRY FIT VERDE FLUOR | Jorvente | Mercado Textil\",\"isPartOf\":{\"@id\":\"https:\/\/www.jorvente.cl\/#website\"},\"primaryImageOfPage\":{\"@id\":\"https:\/\/www.jorvente.cl\/?product=polera-running-dry-fit-verde-fluor#primaryimage\"},\"datePublished\":\"2021-07-19T23:54:13+00:00\",\"dateModified\":\"2021-07-19T23:54:27+00:00\",\"breadcrumb\":{\"@id\":\"https:\/\/www.jorvente.cl\/?product=polera-running-dry-fit-verde-fluor#breadcrumb\"},\"inLanguage\":\"es-CL\",\"potentialAction\":[{\"@type\":\"ReadAction\",\"target\":[\"https:\/\/www.jorvente.cl\/?product=polera-running-dry-fit-verde-fluor\"]}]},{\"@type\":\"BreadcrumbList\",\"@id\":\"https:\/\/www.jorvente.cl\/?product=polera-running-dry-fit-verde-fluor#breadcrumb\",\"itemListElement\":[{\"@type\":\"ListItem\",\"position\":1,\"name\":\"Portada\",\"item\":\"https:\/\/www.jorvente.cl\/\"},{\"@type\":\"ListItem\",\"position\":2,\"name\":\"Shop\",\"item\":\"https:\/\/www.jorvente.cl\/?page_id=6\"},{\"@type\":\"ListItem\",\"position\":3,\"name\":\"POLERA RUNNING DRY FIT VERDE FLUOR\"}]}]}<\/script>\n<!-- \/ Yoast SEO plugin. -->","yoast_head_json":{"title":"POLERA RUNNING DRY FIT VERDE FLUOR | Jorvente | Mercado Textil","robots":{"index":"index","follow":"follow","max-snippet":"max-snippet:-1","max-image-preview":"max-image-preview:large","max-video-preview":"max-video-preview:-1"},"canonical":"https:\/\/www.jorvente.cl\/?product=polera-running-dry-fit-verde-fluor","og_locale":"es_ES","og_type":"article","og_title":"POLERA RUNNING DRY FIT VERDE FLUOR | Jorvente | Mercado Textil","og_description":"Polera masculina manga corta verde fl\u00faor, tela dry fit, filtro UV, r\u00e1pida absorci\u00f3n, secado r\u00e1pido. Permite realizar estampado, lo que la hace vers\u00e1til para una gran cantidad de actividades deportivas outdoor, permitiendo publicidad a la instituci\u00f3n deportiva.","og_url":"https:\/\/www.jorvente.cl\/?product=polera-running-dry-fit-verde-fluor","og_site_name":"Jorvente | Mercado Textil","article_publisher":"https:\/\/www.facebook.com\/jorvente","article_modified_time":"2021-07-19T23:54:27+00:00","og_image":[{"width":230,"height":230,"url":"https:\/\/www.jorvente.cl\/wp-content\/uploads\/2021\/07\/POLERA-VERDE-FLUOR-230x230-1.jpg","path":"\/var\/www\/example.com\/wp-content\/uploads\/2021\/07\/POLERA-VERDE-FLUOR-230x230-1.jpg","size":"full","id":13316,"alt":"","pixels":52900,"type":"image\/jpeg"}],"twitter_card":"summary_large_image","schema":{"@context":"https:\/\/schema.org","@graph":[{"@type":"Organization","@id":"https:\/\/www.jorvente.cl\/#organization","name":"JORVENTE | MERCADO TEXTIL","url":"https:\/\/www.jorvente.cl\/","sameAs":["https:\/\/www.facebook.com\/jorvente","https:\/\/www.isntagram.com\/jorvente"],"logo":{"@type":"ImageObject","@id":"https:\/\/www.jorvente.cl\/#logo","inLanguage":"es-CL","url":"https:\/\/www.jorvente.cl\/wp-content\/uploads\/2021\/07\/logo.png.png","contentUrl":"https:\/\/www.jorvente.cl\/wp-content\/uploads\/2021\/07\/logo.png.png","width":400,"height":85,"caption":"JORVENTE | MERCADO TEXTIL"},"image":{"@id":"https:\/\/www.jorvente.cl\/#logo"}},{"@type":"WebSite","@id":"https:\/\/www.jorvente.cl\/#website","url":"https:\/\/www.jorvente.cl\/","name":"Jorvente | Mercado Textil","description":"Jorvente | Mercado Textil","publisher":{"@id":"https:\/\/www.jorvente.cl\/#organization"},"potentialAction":[{"@type":"SearchAction","target":{"@type":"EntryPoint","urlTemplate":"https:\/\/www.jorvente.cl\/?s={search_term_string}"},"query-input":"required name=search_term_string"}],"inLanguage":"es-CL"},{"@type":"ImageObject","@id":"https:\/\/www.jorvente.cl\/?product=polera-running-dry-fit-verde-fluor#primaryimage","inLanguage":"es-CL","url":"https:\/\/www.jorvente.cl\/wp-content\/uploads\/2021\/07\/POLERA-VERDE-FLUOR-230x230-1.jpg","contentUrl":"https:\/\/www.jorvente.cl\/wp-content\/uploads\/2021\/07\/POLERA-VERDE-FLUOR-230x230-1.jpg","width":230,"height":230},{"@type":"WebPage","@id":"https:\/\/www.jorvente.cl\/?product=polera-running-dry-fit-verde-fluor#webpage","url":"https:\/\/www.jorvente.cl\/?product=polera-running-dry-fit-verde-fluor","name":"POLERA RUNNING DRY FIT VERDE FLUOR | Jorvente | Mercado Textil","isPartOf":{"@id":"https:\/\/www.jorvente.cl\/#website"},"primaryImageOfPage":{"@id":"https:\/\/www.jorvente.cl\/?product=polera-running-dry-fit-verde-fluor#primaryimage"},"datePublished":"2021-07-19T23:54:13+00:00","dateModified":"2021-07-19T23:54:27+00:00","breadcrumb":{"@id":"https:\/\/www.jorvente.cl\/?product=polera-running-dry-fit-verde-fluor#breadcrumb"},"inLanguage":"es-CL","potentialAction":[{"@type":"ReadAction","target":["https:\/\/www.jorvente.cl\/?product=polera-running-dry-fit-verde-fluor"]}]},{"@type":"BreadcrumbList","@id":"https:\/\/www.jorvente.cl\/?product=polera-running-dry-fit-verde-fluor#breadcrumb","itemListElement":[{"@type":"ListItem","position":1,"name":"Portada","item":"https:\/\/www.jorvente.cl\/"},{"@type":"ListItem","position":2,"name":"Shop","item":"https:\/\/www.jorvente.cl\/?page_id=6"},{"@type":"ListItem","position":3,"name":"POLERA RUNNING DRY FIT VERDE FLUOR"}]}]}},"_links":{"self":[{"href":"https:\/\/www.jorvente.cl\/index.php?rest_route=\/wp\/v2\/product\/13294"}],"collection":[{"href":"https:\/\/www.jorvente.cl\/index.php?rest_route=\/wp\/v2\/product"}],"about":[{"href":"https:\/\/www.jorvente.cl\/index.php?rest_route=\/wp\/v2\/types\/product"}],"wp:featuredmedia":[{"embeddable":true,"href":"https:\/\/www.jorvente.cl\/index.php?rest_route=\/wp\/v2\/media\/13316"}],"wp:attachment":[{"href":"https:\/\/www.jorvente.cl\/index.php?rest_route=%2Fwp%2Fv2%2Fmedia&parent=13294"}],"wp:term":[{"taxonomy":"product_cat","embeddable":true,"href":"https:\/\/www.jorvente.cl\/index.php?rest_route=%2Fwp%2Fv2%2Fproduct_cat&post=13294"},{"taxonomy":"product_tag","embeddable":true,"href":"https:\/\/www.jorvente.cl\/index.php?rest_route=%2Fwp%2Fv2%2Fproduct_tag&post=13294"}],"curies":[{"name":"wp","href":"https:\/\/api.w.org\/{rel}","templated":true}]}}