{"id":13350,"date":"2021-07-19T20:54:34","date_gmt":"2021-07-19T23:54:34","guid":{"rendered":"http:\/\/164.90.144.202\/?post_type=product&#038;p=13350"},"modified":"2021-07-19T20:55:01","modified_gmt":"2021-07-19T23:55:01","slug":"pantalon-kameforce-quickdry-sport-tabaco","status":"publish","type":"product","link":"https:\/\/www.jorvente.cl\/?product=pantalon-kameforce-quickdry-sport-tabaco","title":{"rendered":"PANTALON KAMEFORCE QUICKDRY SPORT TABACO"},"content":{"rendered":"<p>PANTAL\u00d3N  DEPORTIVO COLOR TABACO CON TECNOLOG\u00cdA QUICKDRY SPORT  IDEAL PARA ACTIVIDADES DEPORTIVAS DONDE SE REQUIERA QUE EL USUARIO SE MANTENGA SECO DURANTE SU ACTIVIDAD.<\/p>\n<p>100% POLIESTER, TEJIDO DE PUNTO CON POLIESTER 75D\/72F, protecci\u00f3n ultravioleta 20  UPF, RESPIRABLE, SECADO R\u00c1PIDO, SUAVIDAD, PROTECCI\u00d3N UV, ALTA VISIBILIDAD.<\/p>\n<p>PRECIO: $17.300<br \/>\nTALLAS : S-M-L-XL<\/p>\n","protected":false},"excerpt":{"rendered":"<p>PANTAL\u00d3N DEPORTIVO COLOR TABACO CON TECNOLOG\u00cdA QUICKDRY SPORT IDEAL PARA ACTIVIDADES DEPORTIVAS DONDE SE REQUIERA QUE EL USUARIO SE MANTENGA SECO DURANTE SU ACTIVIDAD. 100% POLIESTER, TEJIDO DE PUNTO CON POLIESTER 75D\/72F, protecci\u00f3n ultravioleta 20 UPF, RESPIRABLE, SECADO R\u00c1PIDO, SUAVIDAD, PROTECCI\u00d3N UV, ALTA VISIBILIDAD. PRECIO: $17.300 TALLAS : S-M-L-XL<\/p>\n","protected":false},"featured_media":13356,"template":"","meta":[],"product_cat":[230,228,265],"product_tag":[],"yoast_head":"<!-- This site is optimized with the Yoast SEO plugin v16.7 - https:\/\/yoast.com\/wordpress\/plugins\/seo\/ -->\n<title>PANTALON KAMEFORCE QUICKDRY SPORT TABACO | Jorvente | Mercado Textil<\/title>\n<meta name=\"robots\" content=\"index, follow, max-snippet:-1, max-image-preview:large, max-video-preview:-1\" \/>\n<link rel=\"canonical\" href=\"https:\/\/www.jorvente.cl\/?product=pantalon-kameforce-quickdry-sport-tabaco\" \/>\n<meta property=\"og:locale\" content=\"es_ES\" \/>\n<meta property=\"og:type\" content=\"article\" \/>\n<meta property=\"og:title\" content=\"PANTALON KAMEFORCE QUICKDRY SPORT TABACO | Jorvente | Mercado Textil\" \/>\n<meta property=\"og:description\" content=\"PANTAL\u00d3N DEPORTIVO COLOR TABACO CON TECNOLOG\u00cdA QUICKDRY SPORT IDEAL PARA ACTIVIDADES DEPORTIVAS DONDE SE REQUIERA QUE EL USUARIO SE MANTENGA SECO DURANTE SU ACTIVIDAD. 100% POLIESTER, TEJIDO DE PUNTO CON POLIESTER 75D\/72F, protecci\u00f3n ultravioleta 20 UPF, RESPIRABLE, SECADO R\u00c1PIDO, SUAVIDAD, PROTECCI\u00d3N UV, ALTA VISIBILIDAD. PRECIO: $17.300 TALLAS : S-M-L-XL\" \/>\n<meta property=\"og:url\" content=\"https:\/\/www.jorvente.cl\/?product=pantalon-kameforce-quickdry-sport-tabaco\" \/>\n<meta property=\"og:site_name\" content=\"Jorvente | Mercado Textil\" \/>\n<meta property=\"article:publisher\" content=\"https:\/\/www.facebook.com\/jorvente\" \/>\n<meta property=\"article:modified_time\" content=\"2021-07-19T23:55:01+00:00\" \/>\n<meta property=\"og:image\" content=\"https:\/\/www.jorvente.cl\/wp-content\/uploads\/2021\/07\/PANTALON-PRIMERA-CAPA-TABACO-230x230-2.jpg\" \/>\n\t<meta property=\"og:image:width\" content=\"230\" \/>\n\t<meta property=\"og:image:height\" content=\"230\" \/>\n<meta name=\"twitter:card\" content=\"summary_large_image\" \/>\n<script type=\"application\/ld+json\" class=\"yoast-schema-graph\">{\"@context\":\"https:\/\/schema.org\",\"@graph\":[{\"@type\":\"Organization\",\"@id\":\"https:\/\/www.jorvente.cl\/#organization\",\"name\":\"JORVENTE | MERCADO TEXTIL\",\"url\":\"https:\/\/www.jorvente.cl\/\",\"sameAs\":[\"https:\/\/www.facebook.com\/jorvente\",\"https:\/\/www.isntagram.com\/jorvente\"],\"logo\":{\"@type\":\"ImageObject\",\"@id\":\"https:\/\/www.jorvente.cl\/#logo\",\"inLanguage\":\"es-CL\",\"url\":\"https:\/\/www.jorvente.cl\/wp-content\/uploads\/2021\/07\/logo.png.png\",\"contentUrl\":\"https:\/\/www.jorvente.cl\/wp-content\/uploads\/2021\/07\/logo.png.png\",\"width\":400,\"height\":85,\"caption\":\"JORVENTE | MERCADO TEXTIL\"},\"image\":{\"@id\":\"https:\/\/www.jorvente.cl\/#logo\"}},{\"@type\":\"WebSite\",\"@id\":\"https:\/\/www.jorvente.cl\/#website\",\"url\":\"https:\/\/www.jorvente.cl\/\",\"name\":\"Jorvente | Mercado Textil\",\"description\":\"Jorvente | Mercado Textil\",\"publisher\":{\"@id\":\"https:\/\/www.jorvente.cl\/#organization\"},\"potentialAction\":[{\"@type\":\"SearchAction\",\"target\":{\"@type\":\"EntryPoint\",\"urlTemplate\":\"https:\/\/www.jorvente.cl\/?s={search_term_string}\"},\"query-input\":\"required name=search_term_string\"}],\"inLanguage\":\"es-CL\"},{\"@type\":\"ImageObject\",\"@id\":\"https:\/\/www.jorvente.cl\/?product=pantalon-kameforce-quickdry-sport-tabaco#primaryimage\",\"inLanguage\":\"es-CL\",\"url\":\"https:\/\/www.jorvente.cl\/wp-content\/uploads\/2021\/07\/PANTALON-PRIMERA-CAPA-TABACO-230x230-2.jpg\",\"contentUrl\":\"https:\/\/www.jorvente.cl\/wp-content\/uploads\/2021\/07\/PANTALON-PRIMERA-CAPA-TABACO-230x230-2.jpg\",\"width\":230,\"height\":230},{\"@type\":\"WebPage\",\"@id\":\"https:\/\/www.jorvente.cl\/?product=pantalon-kameforce-quickdry-sport-tabaco#webpage\",\"url\":\"https:\/\/www.jorvente.cl\/?product=pantalon-kameforce-quickdry-sport-tabaco\",\"name\":\"PANTALON KAMEFORCE QUICKDRY SPORT TABACO | Jorvente | Mercado Textil\",\"isPartOf\":{\"@id\":\"https:\/\/www.jorvente.cl\/#website\"},\"primaryImageOfPage\":{\"@id\":\"https:\/\/www.jorvente.cl\/?product=pantalon-kameforce-quickdry-sport-tabaco#primaryimage\"},\"datePublished\":\"2021-07-19T23:54:34+00:00\",\"dateModified\":\"2021-07-19T23:55:01+00:00\",\"breadcrumb\":{\"@id\":\"https:\/\/www.jorvente.cl\/?product=pantalon-kameforce-quickdry-sport-tabaco#breadcrumb\"},\"inLanguage\":\"es-CL\",\"potentialAction\":[{\"@type\":\"ReadAction\",\"target\":[\"https:\/\/www.jorvente.cl\/?product=pantalon-kameforce-quickdry-sport-tabaco\"]}]},{\"@type\":\"BreadcrumbList\",\"@id\":\"https:\/\/www.jorvente.cl\/?product=pantalon-kameforce-quickdry-sport-tabaco#breadcrumb\",\"itemListElement\":[{\"@type\":\"ListItem\",\"position\":1,\"name\":\"Portada\",\"item\":\"https:\/\/www.jorvente.cl\/\"},{\"@type\":\"ListItem\",\"position\":2,\"name\":\"Shop\",\"item\":\"https:\/\/www.jorvente.cl\/?page_id=6\"},{\"@type\":\"ListItem\",\"position\":3,\"name\":\"PANTALON KAMEFORCE QUICKDRY SPORT TABACO\"}]}]}<\/script>\n<!-- \/ Yoast SEO plugin. -->","yoast_head_json":{"title":"PANTALON KAMEFORCE QUICKDRY SPORT TABACO | Jorvente | Mercado Textil","robots":{"index":"index","follow":"follow","max-snippet":"max-snippet:-1","max-image-preview":"max-image-preview:large","max-video-preview":"max-video-preview:-1"},"canonical":"https:\/\/www.jorvente.cl\/?product=pantalon-kameforce-quickdry-sport-tabaco","og_locale":"es_ES","og_type":"article","og_title":"PANTALON KAMEFORCE QUICKDRY SPORT TABACO | Jorvente | Mercado Textil","og_description":"PANTAL\u00d3N DEPORTIVO COLOR TABACO CON TECNOLOG\u00cdA QUICKDRY SPORT IDEAL PARA ACTIVIDADES DEPORTIVAS DONDE SE REQUIERA QUE EL USUARIO SE MANTENGA SECO DURANTE SU ACTIVIDAD. 100% POLIESTER, TEJIDO DE PUNTO CON POLIESTER 75D\/72F, protecci\u00f3n ultravioleta 20 UPF, RESPIRABLE, SECADO R\u00c1PIDO, SUAVIDAD, PROTECCI\u00d3N UV, ALTA VISIBILIDAD. PRECIO: $17.300 TALLAS : S-M-L-XL","og_url":"https:\/\/www.jorvente.cl\/?product=pantalon-kameforce-quickdry-sport-tabaco","og_site_name":"Jorvente | Mercado Textil","article_publisher":"https:\/\/www.facebook.com\/jorvente","article_modified_time":"2021-07-19T23:55:01+00:00","og_image":[{"width":230,"height":230,"url":"https:\/\/www.jorvente.cl\/wp-content\/uploads\/2021\/07\/PANTALON-PRIMERA-CAPA-TABACO-230x230-2.jpg","path":"\/var\/www\/example.com\/wp-content\/uploads\/2021\/07\/PANTALON-PRIMERA-CAPA-TABACO-230x230-2.jpg","size":"full","id":13356,"alt":"","pixels":52900,"type":"image\/jpeg"}],"twitter_card":"summary_large_image","schema":{"@context":"https:\/\/schema.org","@graph":[{"@type":"Organization","@id":"https:\/\/www.jorvente.cl\/#organization","name":"JORVENTE | MERCADO TEXTIL","url":"https:\/\/www.jorvente.cl\/","sameAs":["https:\/\/www.facebook.com\/jorvente","https:\/\/www.isntagram.com\/jorvente"],"logo":{"@type":"ImageObject","@id":"https:\/\/www.jorvente.cl\/#logo","inLanguage":"es-CL","url":"https:\/\/www.jorvente.cl\/wp-content\/uploads\/2021\/07\/logo.png.png","contentUrl":"https:\/\/www.jorvente.cl\/wp-content\/uploads\/2021\/07\/logo.png.png","width":400,"height":85,"caption":"JORVENTE | MERCADO TEXTIL"},"image":{"@id":"https:\/\/www.jorvente.cl\/#logo"}},{"@type":"WebSite","@id":"https:\/\/www.jorvente.cl\/#website","url":"https:\/\/www.jorvente.cl\/","name":"Jorvente | Mercado Textil","description":"Jorvente | Mercado Textil","publisher":{"@id":"https:\/\/www.jorvente.cl\/#organization"},"potentialAction":[{"@type":"SearchAction","target":{"@type":"EntryPoint","urlTemplate":"https:\/\/www.jorvente.cl\/?s={search_term_string}"},"query-input":"required name=search_term_string"}],"inLanguage":"es-CL"},{"@type":"ImageObject","@id":"https:\/\/www.jorvente.cl\/?product=pantalon-kameforce-quickdry-sport-tabaco#primaryimage","inLanguage":"es-CL","url":"https:\/\/www.jorvente.cl\/wp-content\/uploads\/2021\/07\/PANTALON-PRIMERA-CAPA-TABACO-230x230-2.jpg","contentUrl":"https:\/\/www.jorvente.cl\/wp-content\/uploads\/2021\/07\/PANTALON-PRIMERA-CAPA-TABACO-230x230-2.jpg","width":230,"height":230},{"@type":"WebPage","@id":"https:\/\/www.jorvente.cl\/?product=pantalon-kameforce-quickdry-sport-tabaco#webpage","url":"https:\/\/www.jorvente.cl\/?product=pantalon-kameforce-quickdry-sport-tabaco","name":"PANTALON KAMEFORCE QUICKDRY SPORT TABACO | Jorvente | Mercado Textil","isPartOf":{"@id":"https:\/\/www.jorvente.cl\/#website"},"primaryImageOfPage":{"@id":"https:\/\/www.jorvente.cl\/?product=pantalon-kameforce-quickdry-sport-tabaco#primaryimage"},"datePublished":"2021-07-19T23:54:34+00:00","dateModified":"2021-07-19T23:55:01+00:00","breadcrumb":{"@id":"https:\/\/www.jorvente.cl\/?product=pantalon-kameforce-quickdry-sport-tabaco#breadcrumb"},"inLanguage":"es-CL","potentialAction":[{"@type":"ReadAction","target":["https:\/\/www.jorvente.cl\/?product=pantalon-kameforce-quickdry-sport-tabaco"]}]},{"@type":"BreadcrumbList","@id":"https:\/\/www.jorvente.cl\/?product=pantalon-kameforce-quickdry-sport-tabaco#breadcrumb","itemListElement":[{"@type":"ListItem","position":1,"name":"Portada","item":"https:\/\/www.jorvente.cl\/"},{"@type":"ListItem","position":2,"name":"Shop","item":"https:\/\/www.jorvente.cl\/?page_id=6"},{"@type":"ListItem","position":3,"name":"PANTALON KAMEFORCE QUICKDRY SPORT TABACO"}]}]}},"_links":{"self":[{"href":"https:\/\/www.jorvente.cl\/index.php?rest_route=\/wp\/v2\/product\/13350"}],"collection":[{"href":"https:\/\/www.jorvente.cl\/index.php?rest_route=\/wp\/v2\/product"}],"about":[{"href":"https:\/\/www.jorvente.cl\/index.php?rest_route=\/wp\/v2\/types\/product"}],"wp:featuredmedia":[{"embeddable":true,"href":"https:\/\/www.jorvente.cl\/index.php?rest_route=\/wp\/v2\/media\/13356"}],"wp:attachment":[{"href":"https:\/\/www.jorvente.cl\/index.php?rest_route=%2Fwp%2Fv2%2Fmedia&parent=13350"}],"wp:term":[{"taxonomy":"product_cat","embeddable":true,"href":"https:\/\/www.jorvente.cl\/index.php?rest_route=%2Fwp%2Fv2%2Fproduct_cat&post=13350"},{"taxonomy":"product_tag","embeddable":true,"href":"https:\/\/www.jorvente.cl\/index.php?rest_route=%2Fwp%2Fv2%2Fproduct_tag&post=13350"}],"curies":[{"name":"wp","href":"https:\/\/api.w.org\/{rel}","templated":true}]}}